{"id":30367,"date":"2022-05-12T11:50:13","date_gmt":"2022-05-12T11:50:13","guid":{"rendered":"https:\/\/extra-incomes.com\/privacy-policy"},"modified":"2022-08-02T19:01:34","modified_gmt":"2022-08-02T19:01:34","slug":"privacy-policy","status":"publish","type":"page","link":"https:\/\/extra-incomes.com\/pt-pt\/privacy-policy","title":{"rendered":"Pol\u00edtica de Privacidade"},"content":{"rendered":"\n<h2 class=\"wp-block-heading\">Quem somos<\/h2>\n\n<p><strong class=\"privacy-policy-tutorial\">Texto sugerido: <\/strong> O nosso endere\u00e7o de site \u00e9: http:\/\/extra-incomes.com.<\/p>\n\n<h2 class=\"wp-block-heading\">Coment\u00e1rios<\/h2>\n\n<p><strong class=\"privacy-policy-tutorial\">Texto sugerido: <\/strong> Quando os visitantes deixam coment\u00e1rios no site recolhemos os dados apresentados no formul\u00e1rio de coment\u00e1rios, bem como o endere\u00e7o IP do visitante e o fio do agente do utilizador do navegador para ajudar na dete\u00e7\u00e3o de spam.<\/p>\n\n<p>Uma cadeia anonimizada criada a partir do seu endere\u00e7o de e-mail (tamb\u00e9m chamado de haxixe) pode ser fornecida ao servi\u00e7o Gravatar para ver se est\u00e1 a us\u00e1-lo. A pol\u00edtica de privacidade do servi\u00e7o Gravatar est\u00e1 dispon\u00edvel aqui: https:\/\/automattic.com\/privacy\/. Ap\u00f3s a aprova\u00e7\u00e3o do seu coment\u00e1rio, a sua imagem de perfil \u00e9 vis\u00edvel ao p\u00fablico no contexto do seu coment\u00e1rio.<\/p>\n\n<h2 class=\"wp-block-heading\">Meios de comunica\u00e7\u00e3o<\/h2>\n\n<p><strong class=\"privacy-policy-tutorial\">Texto sugerido: <\/strong> Se fizer o upload de imagens para o site, deve evitar o upload de imagens com dados de localiza\u00e7\u00e3o incorporados (EXIF GPS) inclu\u00eddos. Os visitantes do site podem descarregar e extrair quaisquer dados de localiza\u00e7\u00e3o a partir de imagens no site.<\/p>\n\n<h2 class=\"wp-block-heading\">Cookies<\/h2>\n\n<p><strong class=\"privacy-policy-tutorial\">Texto sugerido: <\/strong> Se deixar um coment\u00e1rio no nosso site pode optar por guardar o seu nome, endere\u00e7o de e-mail e website nos cookies. Estes s\u00e3o para sua conveni\u00eancia para que n\u00e3o tenha que preencher os seus dados novamente quando deixar outro coment\u00e1rio. Estes cookies v\u00e3o durar um ano.<\/p>\n\n<p>Se voc\u00ea visitar a nossa p\u00e1gina de login, n\u00f3s definiremos um cookie tempor\u00e1rio para determinar se seu navegador aceita cookies. Este cookie n\u00e3o cont\u00e9m dados pessoais e \u00e9 descartado quando fecha o seu navegador.<\/p>\n\n<p>Ao iniciar sess\u00e3o, tamb\u00e9m configuraremos v\u00e1rios cookies para guardar as suas informa\u00e7\u00f5es de login e as escolhas do ecr\u00e3. Os cookies de login duram dois dias e as op\u00e7\u00f5es de ecr\u00e3 duram um ano. Se selecionar &#8220;Remember Me&#8221;, o seu login persistir\u00e1 durante duas semanas. Se sair da sua conta, os cookies de login ser\u00e3o removidos.<\/p>\n\n<p>Se editar ou publicar um artigo, um cookie adicional ser\u00e1 guardado no seu navegador. Este cookie n\u00e3o inclui dados pessoais e simplesmente indica o ID de publica\u00e7\u00e3o do artigo que acaba de editar. Expira depois de 1 dia.<\/p>\n\n<h2 class=\"wp-block-heading\">Conte\u00fado incorporado de outros websites<\/h2>\n\n<p><strong class=\"privacy-policy-tutorial\">Texto sugerido: <\/strong> Os artigos neste site podem incluir conte\u00fado incorporado (por exemplo, v\u00eddeos, imagens, artigos, etc.). O conte\u00fado incorporado de outros sites comporta-se da mesma forma que se o visitante tenha visitado o outro website.<\/p>\n\n<p>Estes sites podem recolher dados sobre si, usar cookies, incorporar rastreio adicional de terceiros e monitorizar a sua intera\u00e7\u00e3o com esse conte\u00fado incorporado, incluindo rastrear a sua intera\u00e7\u00e3o com o conte\u00fado incorporado se tiver uma conta e estiver iniciado nesse website.<\/p>\n\n<h2 class=\"wp-block-heading\">Com quem partilhamos os seus dados<\/h2>\n\n<p><strong class=\"privacy-policy-tutorial\">Texto sugerido: <\/strong> Se solicitar um reset de palavra-passe, o seu endere\u00e7o IP ser\u00e1 inclu\u00eddo no e-mail de reset.<\/p>\n\n<h2 class=\"wp-block-heading\">Quanto tempo conservamos os seus dados<\/h2>\n\n<p><strong class=\"privacy-policy-tutorial\">Texto sugerido: <\/strong> Se deixar um coment\u00e1rio, o coment\u00e1rio e os seus metadados s\u00e3o mantidos indefinidamente. Isto \u00e9 para que possamos reconhecer e aprovar quaisquer coment\u00e1rios de seguimento automaticamente em vez de os manter numa fila de modera\u00e7\u00e3o.<\/p>\n\n<p>Para os utilizadores que se inscrevam no nosso website (caso existam), tamb\u00e9m armazenamos as informa\u00e7\u00f5es pessoais que fornecem no seu perfil de utilizador. Todos os utilizadores podem ver, editar ou apagar as suas informa\u00e7\u00f5es pessoais a qualquer momento (exceto que n\u00e3o podem alterar o seu nome de utilizador). Os administradores do site tamb\u00e9m podem ver e editar essa informa\u00e7\u00e3o.<\/p>\n\n<h2 class=\"wp-block-heading\">Que direitos tem sobre os seus dados<\/h2>\n\n<p><strong class=\"privacy-policy-tutorial\">Texto sugerido: <\/strong> Se tiver uma conta neste site, ou tiver deixado coment\u00e1rios, pode solicitar a rece\u00e7\u00e3o de um ficheiro exportado dos dados pessoais que temos sobre si, incluindo quaisquer dados que nos tenha fornecido. Tamb\u00e9m pode solicitar que apaguemos quaisquer dados pessoais que tenhamos sobre si. Isto n\u00e3o inclui quaisquer dados que somos obrigados a manter para fins administrativos, legais ou de seguran\u00e7a.<\/p>\n\n<h2 class=\"wp-block-heading\">Para onde enviamos os seus dados<\/h2>\n\n<p><strong class=\"privacy-policy-tutorial\">Texto sugerido: <\/strong> Os coment\u00e1rios enviados podem ser verificados atrav\u00e9s de um servi\u00e7o automatizado de dete\u00e7\u00e3o de correio publicit\u00e1rio n\u00e3o solicitado.<\/p>\n","protected":false},"excerpt":{"rendered":"<p>Quem somos Texto sugerido: O nosso endere\u00e7o de site \u00e9: http:\/\/extra-incomes.com. Coment\u00e1rios Texto sugerido: Quando os visitantes deixam coment\u00e1rios no site recolhemos os dados apresentados no formul\u00e1rio de coment\u00e1rios, bem como o endere\u00e7o IP do visitante e o fio do agente do utilizador do navegador para ajudar na dete\u00e7\u00e3o de spam. Uma cadeia anonimizada criada &hellip;<\/p>\n<p class=\"read-more\"> <a class=\"\" href=\"https:\/\/extra-incomes.com\/pt-pt\/privacy-policy\"> <span class=\"screen-reader-text\">Pol\u00edtica de Privacidade<\/span> Read More &raquo;<\/a><\/p>\n","protected":false},"author":2,"featured_media":0,"parent":0,"menu_order":0,"comment_status":"closed","ping_status":"open","template":"","meta":{"_uag_custom_page_level_css":"","site-sidebar-layout":"default","site-content-layout":"default","ast-global-header-display":"","ast-main-header-display":"","ast-hfb-above-header-display":"","ast-hfb-below-header-display":"","ast-hfb-mobile-header-display":"","site-post-title":"","ast-breadcrumbs-content":"","ast-featured-img":"","footer-sml-layout":"","theme-transparent-header-meta":"","adv-header-id-meta":"","stick-header-meta":"","header-above-stick-meta":"","header-main-stick-meta":"","header-below-stick-meta":"","footnotes":""},"class_list":["post-30367","page","type-page","status-publish","hentry"],"jetpack_sharing_enabled":true,"uagb_featured_image_src":{"full":false,"thumbnail":false,"medium":false,"medium_large":false,"large":false,"1536x1536":false,"2048x2048":false},"uagb_author_info":{"display_name":"Fabiana Pati\u00f1o","author_link":"https:\/\/extra-incomes.com\/pt-pt\/author\/fabiana"},"uagb_comment_info":0,"uagb_excerpt":"Quem somos Texto sugerido: O nosso endere\u00e7o de site \u00e9: http:\/\/extra-incomes.com. Coment\u00e1rios Texto sugerido: Quando os visitantes deixam coment\u00e1rios no site recolhemos os dados apresentados no formul\u00e1rio de coment\u00e1rios, bem como o endere\u00e7o IP do visitante e o fio do agente do utilizador do navegador para ajudar na dete\u00e7\u00e3o de spam. Uma cadeia anonimizada criada&hellip;","jetpack-related-posts":[],"_links":{"self":[{"href":"https:\/\/extra-incomes.com\/pt-pt\/wp-json\/wp\/v2\/pages\/30367","targetHints":{"allow":["GET"]}}],"collection":[{"href":"https:\/\/extra-incomes.com\/pt-pt\/wp-json\/wp\/v2\/pages"}],"about":[{"href":"https:\/\/extra-incomes.com\/pt-pt\/wp-json\/wp\/v2\/types\/page"}],"author":[{"embeddable":true,"href":"https:\/\/extra-incomes.com\/pt-pt\/wp-json\/wp\/v2\/users\/2"}],"replies":[{"embeddable":true,"href":"https:\/\/extra-incomes.com\/pt-pt\/wp-json\/wp\/v2\/comments?post=30367"}],"version-history":[{"count":2,"href":"https:\/\/extra-incomes.com\/pt-pt\/wp-json\/wp\/v2\/pages\/30367\/revisions"}],"predecessor-version":[{"id":30397,"href":"https:\/\/extra-incomes.com\/pt-pt\/wp-json\/wp\/v2\/pages\/30367\/revisions\/30397"}],"wp:attachment":[{"href":"https:\/\/extra-incomes.com\/pt-pt\/wp-json\/wp\/v2\/media?parent=30367"}],"curies":[{"name":"wp","href":"https:\/\/api.w.org\/{rel}","templated":true}]}}