{"id":30391,"date":"2022-08-02T18:57:40","date_gmt":"2022-08-02T18:57:40","guid":{"rendered":"https:\/\/extra-incomes.com\/politica-de-privacidad"},"modified":"2022-08-04T12:10:37","modified_gmt":"2022-08-04T12:10:37","slug":"politica-de-privacidad","status":"publish","type":"page","link":"https:\/\/extra-incomes.com\/es\/politica-de-privacidad","title":{"rendered":"Pol\u00edtica de Privacidad"},"content":{"rendered":"\n<h1 class=\"alignfull has-text-align-center wp-block-heading\">Pol\u00edtica de Privacidad<\/h1>\n\n<h4 class=\"wp-block-heading\">Qui\u00e9nes somos<\/h4>\n\n<p>Extra Incomes es un blog dedicado a todas aquellas personas que buscan formas de multiplicar su dinero, obtener ingresos pasivos y aprender a invertir para tener una mejor calidad de vida a largo plazo. Nos interesa mostrarle a los lectores que existen diferentes cosas que pueden hacer para aumentar sus ganancias y crear un patrimonio para el futuro.<\/p>\n\n<p>A trav\u00e9s de nuestros consejos sobre inversiones, los mejores trabajos extra del momento y la forma correcta de revender art\u00edculos de lujo, los lectores podr\u00e1n obtener suficientes conocimientos y gu\u00eda para comenzar a invertir, generar ingresos pasivos y aprovechar al m\u00e1ximo las inversiones.<\/p>\n\n<p>Adem\u00e1s de nuestras publicaciones, tambi\u00e9n ofrecemos el apoyo de expertos de una conserjer\u00eda de lujo para asesorar a los clientes en sus inversiones y la reventa de art\u00edculos exclusivos.<\/p>\n\n<h4 class=\"wp-block-heading\">Comentarios<\/h4>\n\n<p>Cuando los visitantes dejan comentarios en el sitio, recopilamos los datos que se muestran en el formulario de comentarios, la direcci\u00f3n IP del visitante y la cadena del agente de usuario del navegador para ayudar a la detecci\u00f3n de spam.<\/p>\n\n<p>Se puede proporcionar una cadena an\u00f3nima creada a partir de su direcci\u00f3n de correo electr\u00f3nico (tambi\u00e9n llamada hash) al servicio Gravatar para ver si la est\u00e1 utilizando. La pol\u00edtica de privacidad del servicio Gravatar est\u00e1 disponible aqu\u00ed: https:\/\/automattic.com\/privacy\/. Despu\u00e9s de la aprobaci\u00f3n de tu comentario, tu foto de perfil es visible para el p\u00fablico en el contexto de tu comentario.<\/p>\n\n<h4 class=\"wp-block-heading\">Im\u00e1genes y medios<\/h4>\n\n<p>Las im\u00e1genes y medios que los usuarios suben al sitio web mediante comentarios, no deben ser im\u00e1genes con datos de ubicaci\u00f3n incrustados (GPS EXIF) incluidos. Extra Incomes no se hace responsable de las im\u00e1genes que suban los usuarios a su plataforma. Al momento de subir im\u00e1genes los usuarios deben proporcionar contenido no sujeto a derechos de autor. Los visitantes del sitio web pueden descargar y extraer cualquier dato de ubicaci\u00f3n de las im\u00e1genes del sitio web.<\/p>\n\n<h4 class=\"wp-block-heading\">Contenido enlazado de otros sitios web<\/h4>\n\n<p>Los art\u00edculos en este sitio pueden incluir contenido enlazado (por ejemplo, videos, im\u00e1genes, art\u00edculos, etc.). El contenido enlazado de otros sitios web funciona de la misma manera que este sitio web, es decir, si accedes al contenido enlazado, al entrar en la p\u00e1gina web se aplicar\u00e1n cookies a tu actividad en dicha p\u00e1gina.<\/p>\n\n<p>Estos sitios web pueden recopilar tus datos, usar cookies, incrustar un seguimiento adicional de terceros y monitorear tu interacci\u00f3n con el contenido enlazado, incluido el seguimiento de tu interacci\u00f3n con el contenido enlazado si tienes una cuenta y has iniciado sesi\u00f3n en ese sitio web.<\/p>\n\n<h4 class=\"wp-block-heading\">Cookies<\/h4>\n\n<p>Al momento de hacer un comentario en el sitio web, puedes optar por guardar tu nombre, direcci\u00f3n de correo electr\u00f3nico y sitio web en cookies. Estos son para tu comodidad, para que no tengas que volver a rellenar tus datos cuando hagas otro comentario. Estas cookies tendr\u00e1n una duraci\u00f3n de un a\u00f1o.<\/p>\n\n<p>Si visitas nuestra p\u00e1gina de inicio de sesi\u00f3n, estableceremos una cookie temporal para determinar si tu navegador acepta cookies. Esta cookie no contiene datos personales y se descarta cuando cierras tu navegador.<\/p>\n\n<p>Cuando inicies sesi\u00f3n, tambi\u00e9n configuraremos varias cookies para guardar tu informaci\u00f3n de inicio de sesi\u00f3n y tus opciones de visualizaci\u00f3n de pantalla. Las cookies de inicio de sesi\u00f3n duran dos d\u00edas y las cookies de opciones de pantalla duran un a\u00f1o. Si seleccionas \u00abRecordarme\u00bb, tu inicio de sesi\u00f3n persistir\u00e1 durante dos semanas. Si cierras sesi\u00f3n en tu cuenta, se eliminar\u00e1n las cookies de inicio de sesi\u00f3n.<\/p>\n\n<h4 class=\"wp-block-heading\">\u00bfCon qui\u00e9n compartimos tus datos?<\/h4>\n\n<p>Los datos proporcionados por el usuario al momento de realizar un comentario, o los datos referentes a las cookies del sitio web en su navegador no se comparten ni se venden a terceros, estos datos s\u00f3lo son utilizados por Extra Incomes para proveer una mejor experiencia al usuario y para realizar un estudio interno del contenido de sus art\u00edculos y temas de inter\u00e9s.<\/p>\n\n<p>Extra Incomes no comercia con los datos de los usuarios de ninguna forma y bajo ning\u00fan concepto.<\/p>\n\n<h4 class=\"wp-block-heading\">\u00bfPor cu\u00e1nto tiempo guardamos tus datos?<\/h4>\n\n<p>Si dejas un comentario, el comentario y sus metadatos se conservan indefinidamente para que podamos reconocer y aprobar cualquier comentario de seguimiento autom\u00e1ticamente en lugar de mantenerlos en espera de moderaci\u00f3n.<\/p>\n\n<h4 class=\"wp-block-heading\">\u00bfQu\u00e9 derechos tienes sobre tus datos?<\/h4>\n\n<p>Si tienes una cuenta en este sitio o has hecho comentarios, puedes solicitar recibir un archivo exportado de los datos personales que tenemos sobre ti, incluidos los datos que nos hayas proporcionado. Tambi\u00e9n puedes solicitar que eliminemos cualquier dato personal que tengamos. Esto no incluye ning\u00fan dato que estemos obligados a conservar con fines administrativos, legales o de seguridad.<\/p>\n\n<h4 class=\"wp-block-heading\">\u00bfA d\u00f3nde enviamos tus datos?<\/h4>\n\n<p>Los datos de los usuarios de Extra Incomes se utilizan \u00fanica y exclusivamente para prop\u00f3sitos internos, estudios del contenido del blog y nivel de inter\u00e9s es los distintos temas aqu\u00ed mostrados, de modo que Extra Incomes no comercia, env\u00eda o distribuye los datos de los usuarios bajo ning\u00fan concepto.<\/p>\n","protected":false},"excerpt":{"rendered":"<p>Pol\u00edtica de Privacidad Qui\u00e9nes somos Extra Incomes es un blog dedicado a todas aquellas personas que buscan formas de multiplicar su dinero, obtener ingresos pasivos y aprender a invertir para tener una mejor calidad de vida a largo plazo. Nos interesa mostrarle a los lectores que existen diferentes cosas que pueden hacer para aumentar sus &hellip;<\/p>\n<p class=\"read-more\"> <a class=\"\" href=\"https:\/\/extra-incomes.com\/es\/politica-de-privacidad\"> <span class=\"screen-reader-text\">Pol\u00edtica de Privacidad<\/span> Leer m\u00e1s &raquo;<\/a><\/p>\n","protected":false},"author":1,"featured_media":0,"parent":0,"menu_order":0,"comment_status":"closed","ping_status":"closed","template":"","meta":{"_uag_custom_page_level_css":"","site-sidebar-layout":"no-sidebar","site-content-layout":"content-boxed-container","ast-global-header-display":"","ast-main-header-display":"","ast-hfb-above-header-display":"","ast-hfb-below-header-display":"","ast-hfb-mobile-header-display":"","site-post-title":"disabled","ast-breadcrumbs-content":"","ast-featured-img":"","footer-sml-layout":"","theme-transparent-header-meta":"default","adv-header-id-meta":"","stick-header-meta":"","header-above-stick-meta":"","header-main-stick-meta":"","header-below-stick-meta":"","footnotes":""},"class_list":["post-30391","page","type-page","status-publish","hentry"],"jetpack_sharing_enabled":true,"uagb_featured_image_src":{"full":false,"thumbnail":false,"medium":false,"medium_large":false,"large":false,"1536x1536":false,"2048x2048":false},"uagb_author_info":{"display_name":"master","author_link":"https:\/\/extra-incomes.com\/es\/author\/master"},"uagb_comment_info":0,"uagb_excerpt":"Pol\u00edtica de Privacidad Qui\u00e9nes somos Extra Incomes es un blog dedicado a todas aquellas personas que buscan formas de multiplicar su dinero, obtener ingresos pasivos y aprender a invertir para tener una mejor calidad de vida a largo plazo. Nos interesa mostrarle a los lectores que existen diferentes cosas que pueden hacer para aumentar sus&hellip;","jetpack-related-posts":[],"_links":{"self":[{"href":"https:\/\/extra-incomes.com\/es\/wp-json\/wp\/v2\/pages\/30391","targetHints":{"allow":["GET"]}}],"collection":[{"href":"https:\/\/extra-incomes.com\/es\/wp-json\/wp\/v2\/pages"}],"about":[{"href":"https:\/\/extra-incomes.com\/es\/wp-json\/wp\/v2\/types\/page"}],"author":[{"embeddable":true,"href":"https:\/\/extra-incomes.com\/es\/wp-json\/wp\/v2\/users\/1"}],"replies":[{"embeddable":true,"href":"https:\/\/extra-incomes.com\/es\/wp-json\/wp\/v2\/comments?post=30391"}],"version-history":[{"count":1,"href":"https:\/\/extra-incomes.com\/es\/wp-json\/wp\/v2\/pages\/30391\/revisions"}],"predecessor-version":[{"id":30393,"href":"https:\/\/extra-incomes.com\/es\/wp-json\/wp\/v2\/pages\/30391\/revisions\/30393"}],"wp:attachment":[{"href":"https:\/\/extra-incomes.com\/es\/wp-json\/wp\/v2\/media?parent=30391"}],"curies":[{"name":"wp","href":"https:\/\/api.w.org\/{rel}","templated":true}]}}