{"id":32537,"date":"2022-08-03T12:08:15","date_gmt":"2022-08-03T12:08:15","guid":{"rendered":"https:\/\/extra-incomes.com\/politik-om-beskyttelse-af-personlige-oplysninger"},"modified":"2022-08-04T12:10:39","modified_gmt":"2022-08-04T12:10:39","slug":"politik-om-beskyttelse-af-personlige-oplysninger","status":"publish","type":"page","link":"https:\/\/extra-incomes.com\/da\/politik-om-beskyttelse-af-personlige-oplysninger","title":{"rendered":"Politik om beskyttelse af personlige oplysninger"},"content":{"rendered":"\n<h1 class=\"alignfull has-text-align-center wp-block-heading\">Politik om beskyttelse af personlige oplysninger<\/h1>\n\n<h4 class=\"wp-block-heading\">Hvem er vi<\/h4>\n\n<p>Ekstra indkomster er en blog dedikeret til alle de mennesker, der leder efter m\u00e5der at formere deres penge p\u00e5, opn\u00e5 passiv indkomst og l\u00e6re at investere for at f\u00e5 en bedre livskvalitet p\u00e5 lang sigt. Vi er interesserede i at vise l\u00e6serne, at der er forskellige ting, de kan g\u00f8re for at \u00f8ge deres indtjening og opbygge rigdom for fremtiden.<\/p>\n\n<p>Gennem vores tips om investering, de bedste sidejob i \u00f8jeblikket og den rigtige m\u00e5de at s\u00e6lge luksusartikler p\u00e5, f\u00e5r l\u00e6serne den n\u00f8dvendige viden og vejledning til at begynde at investere, generere passiv indkomst og f\u00e5 mest muligt ud af investeringer.<\/p>\n\n<p>Ud over vores indl\u00e6g tilbyder vi ogs\u00e5 st\u00f8tte fra luksus concierge-eksperter til at r\u00e5dgive kunder om deres investeringer og videres\u00e6lge eksklusive varer.<\/p>\n\n<h4 class=\"wp-block-heading\">Kommentarer<\/h4>\n\n<p>N\u00e5r bes\u00f8gende efterlader kommentarer p\u00e5 webstedet, indsamler vi de data, der vises i kommentarformularen, den bes\u00f8gendes IP-adresse og browserens brugeragentstreng for at hj\u00e6lpe med at opdage spam.<\/p>\n\n<p>En anonym streng oprettet fra din e-mail-adresse (ogs\u00e5 kaldet en hash) kan leveres til Gravatar-tjenesten for at se, om du bruger den. Privatlivspolitikken for Gravatar-tjenesten er tilg\u00e6ngelig her: https:\/\/automattic.com\/privacy\/. Efter godkendelse af din kommentar er dit profilbillede synligt for offentligheden i forbindelse med din kommentar.<\/p>\n\n<h4 class=\"wp-block-heading\">Billeder og medier<\/h4>\n\n<p>Billeder og medier, som brugerne uploader til hjemmesiden gennem kommentarer, m\u00e5 ikke v\u00e6re billeder med indlejrede placeringsdata (EXIF GPS) inkluderet. Extra Incomes er ikke ansvarlig for de billeder, som brugerne uploader til sin platform. N\u00e5r du uploader billeder, skal brugerne levere indhold, der ikke er underlagt ophavsret. Bes\u00f8gende p\u00e5 webstedet kan downloade og udtr\u00e6kke alle placeringsdata fra webstedsbilleder.<\/p>\n\n<h4 class=\"wp-block-heading\">Indlejret indhold fra andre websteder<\/h4>\n\n<p>Artikler p\u00e5 dette websted kan indeholde linket indhold (f.eks. Videoer, billeder, artikler osv.). Linket indhold fra andre websteder fungerer p\u00e5 samme m\u00e5de som dette websted, det vil sige, hvis du f\u00e5r adgang til det linkede indhold, vil indtastning af webstedet anvende cookies p\u00e5 din aktivitet p\u00e5 den p\u00e5g\u00e6ldende side.<\/p>\n\n<p>Disse websteder kan indsamle dine data, bruge cookies, integrere yderligere tredjepartssporing og overv\u00e5ge din interaktion med linket indhold, herunder spore din interaktion med linket indhold, hvis du har en konto og er logget ind p\u00e5 det p\u00e5g\u00e6ldende websted.<\/p>\n\n<h4 class=\"wp-block-heading\">Cookies<\/h4>\n\n<p>N\u00e5r du skriver en kommentar p\u00e5 hjemmesiden, kan du v\u00e6lge at gemme dit navn, din e-mailadresse og din hjemmeside i cookies. Disse er for nemheds skyld, s\u00e5 du ikke beh\u00f8ver at udfylde dine oplysninger igen, n\u00e5r du kommer med en anden kommentar. Disse cookies varer i et \u00e5r.<\/p>\n\n<p>Hvis du bes\u00f8ger vores login-side, indstiller vi en midlertidig cookie for at afg\u00f8re, om din browser accepterer cookies. Denne cookie indeholder ingen personoplysninger og kasseres, n\u00e5r du lukker din browser.<\/p>\n\n<p>N\u00e5r du logger ind, indstiller vi ogs\u00e5 forskellige cookies for at gemme dine loginoplysninger og sk\u00e6rmvisningsmuligheder. Login-cookies varer i to dage, og sk\u00e6rmindstillinger cookies varer i et \u00e5r. Hvis du v\u00e6lger &#8220;Husk mig&#8221;, forts\u00e6tter dit login i to uger. Hvis du logger ud af din konto, slettes login-cookies.<\/p>\n\n<h4 class=\"wp-block-heading\">Hvem vi deler dine data med<\/h4>\n\n<p>De data, der leveres af brugeren p\u00e5 tidspunktet for en kommentar, eller de data, der henviser til cookies p\u00e5 webstedet i deres browser, deles eller s\u00e6lges ikke til tredjepart, disse data bruges kun af Extra Incomes til at give en bedre brugeroplevelse og til at gennemf\u00f8re en intern unders\u00f8gelse af indholdet af artiklerne og emnerne af interesse.<\/p>\n\n<p>Extra Incomes handler ikke med brugerdata p\u00e5 nogen m\u00e5de og under ingen omst\u00e6ndigheder.<\/p>\n\n<h4 class=\"wp-block-heading\">Hvor l\u00e6nge vi opbevarer dine data<\/h4>\n\n<p>Hvis du efterlader en kommentar, bevares kommentaren og dens metadata p\u00e5 ubestemt tid. Dette er for at vi kan genkende og godkende eventuelle opf\u00f8lgende kommentarer automatisk i stedet for at holde dem for at afvente moderering.<\/p>\n\n<h4 class=\"wp-block-heading\">Hvilke rettigheder du har over dine data<\/h4>\n\n<p>Hvis du har en konto p\u00e5 dette websted eller har fremsat kommentarer, kan du anmode om at modtage en eksporteret fil med de personoplysninger, vi har om dig, herunder data, du har givet os. Du kan ogs\u00e5 anmode om, at vi sletter alle personoplysninger, vi har. Dette omfatter ikke data, som vi er forpligtet til at opbevare til administrative, juridiske eller sikkerhedsm\u00e6ssige form\u00e5l.<\/p>\n\n<h4 class=\"wp-block-heading\">Hvor vi sender dine data<\/h4>\n\n<p>Ekstra Indkomster brugerdata bruges udelukkende og udelukkende til interne form\u00e5l, unders\u00f8gelser af bloggens indhold og interesseniveau for de forskellige emner, der er vist her, s\u00e5ledes at Ekstra Indkomster ikke handler, sender eller distribuerer brugerdata under intet begreb.<\/p>\n","protected":false},"excerpt":{"rendered":"<p>Politik om beskyttelse af personlige oplysninger Hvem er vi Ekstra indkomster er en blog dedikeret til alle de mennesker, der leder efter m\u00e5der at formere deres penge p\u00e5, opn\u00e5 passiv indkomst og l\u00e6re at investere for at f\u00e5 en bedre livskvalitet p\u00e5 lang sigt. Vi er interesserede i at vise l\u00e6serne, at der er forskellige &hellip;<\/p>\n<p class=\"read-more\"> <a class=\"\" href=\"https:\/\/extra-incomes.com\/da\/politik-om-beskyttelse-af-personlige-oplysninger\"> <span class=\"screen-reader-text\">Politik om beskyttelse af personlige oplysninger<\/span> L\u00e6s mere &raquo;<\/a><\/p>\n","protected":false},"author":1,"featured_media":0,"parent":0,"menu_order":0,"comment_status":"closed","ping_status":"closed","template":"","meta":{"_uag_custom_page_level_css":"","site-sidebar-layout":"no-sidebar","site-content-layout":"content-boxed-container","ast-global-header-display":"","ast-main-header-display":"","ast-hfb-above-header-display":"","ast-hfb-below-header-display":"","ast-hfb-mobile-header-display":"","site-post-title":"disabled","ast-breadcrumbs-content":"","ast-featured-img":"","footer-sml-layout":"","theme-transparent-header-meta":"default","adv-header-id-meta":"","stick-header-meta":"","header-above-stick-meta":"","header-main-stick-meta":"","header-below-stick-meta":"","footnotes":""},"class_list":["post-32537","page","type-page","status-publish","hentry"],"jetpack_sharing_enabled":true,"uagb_featured_image_src":{"full":false,"thumbnail":false,"medium":false,"medium_large":false,"large":false,"1536x1536":false,"2048x2048":false},"uagb_author_info":{"display_name":"master","author_link":"https:\/\/extra-incomes.com\/da\/author\/master"},"uagb_comment_info":0,"uagb_excerpt":"Politik om beskyttelse af personlige oplysninger Hvem er vi Ekstra indkomster er en blog dedikeret til alle de mennesker, der leder efter m\u00e5der at formere deres penge p\u00e5, opn\u00e5 passiv indkomst og l\u00e6re at investere for at f\u00e5 en bedre livskvalitet p\u00e5 lang sigt. Vi er interesserede i at vise l\u00e6serne, at der er forskellige&hellip;","jetpack-related-posts":[],"_links":{"self":[{"href":"https:\/\/extra-incomes.com\/da\/wp-json\/wp\/v2\/pages\/32537","targetHints":{"allow":["GET"]}}],"collection":[{"href":"https:\/\/extra-incomes.com\/da\/wp-json\/wp\/v2\/pages"}],"about":[{"href":"https:\/\/extra-incomes.com\/da\/wp-json\/wp\/v2\/types\/page"}],"author":[{"embeddable":true,"href":"https:\/\/extra-incomes.com\/da\/wp-json\/wp\/v2\/users\/1"}],"replies":[{"embeddable":true,"href":"https:\/\/extra-incomes.com\/da\/wp-json\/wp\/v2\/comments?post=32537"}],"version-history":[{"count":2,"href":"https:\/\/extra-incomes.com\/da\/wp-json\/wp\/v2\/pages\/32537\/revisions"}],"predecessor-version":[{"id":32539,"href":"https:\/\/extra-incomes.com\/da\/wp-json\/wp\/v2\/pages\/32537\/revisions\/32539"}],"wp:attachment":[{"href":"https:\/\/extra-incomes.com\/da\/wp-json\/wp\/v2\/media?parent=32537"}],"curies":[{"name":"wp","href":"https:\/\/api.w.org\/{rel}","templated":true}]}}